{"id":63,"date":"2025-07-29T14:15:50","date_gmt":"2025-07-29T11:15:50","guid":{"rendered":"https:\/\/mertdem.com\/?page_id=63"},"modified":"2025-08-29T18:53:53","modified_gmt":"2025-08-29T15:53:53","slug":"hakkinda","status":"publish","type":"page","link":"https:\/\/mertdem.com\/?page_id=63","title":{"rendered":"Hakk\u0131nda"},"content":{"rendered":"\n<div class=\"wp-block-group alignfull has-background is-vertical is-content-justification-left is-layout-flex wp-container-core-group-is-layout-1391fbd1 wp-block-group-is-layout-flex\" style=\"background-color:#fac66f;padding-top:6vw;padding-right:6vw;padding-bottom:6vw;padding-left:6vw\">\n<div style=\"height:0px;width:0px\" aria-hidden=\"true\" class=\"wp-block-spacer wp-container-content-9760934e\"><\/div>\n\n\n\n<h2 class=\"wp-block-heading\" style=\"font-size:clamp(37.821px, 2.364rem + ((1vw - 3.2px) * 2.011), 70px);\">Blog hakk\u0131nda<\/h2>\n\n\n\n<div class=\"wp-block-group alignwide is-vertical is-nowrap is-layout-flex wp-container-core-group-is-layout-7946b6b8 wp-block-group-is-layout-flex\" style=\"padding-top:0;padding-right:0;padding-bottom:0;padding-left:0\">\n<div class=\"wp-block-group alignwide has-global-padding is-layout-constrained wp-block-group-is-layout-constrained\">\n<div class=\"wp-block-columns alignwide is-layout-flex wp-container-core-columns-is-layout-21b20327 wp-block-columns-is-layout-flex\">\n<div class=\"wp-block-column is-layout-flow wp-block-column-is-layout-flow\" style=\"flex-basis:33.38%\">\n<p class=\"has-text-color has-medium-font-size\" style=\"color:#000000\">Kalem ve Pencereler, kendine y\u00f6n belirlemeyen bir blog. En b\u00fcy\u00fck hobilerimden biri olan foto\u011fraf \u00e7ekmeyi kafamdan ge\u00e7enlerle birle\u015ftirmek amac\u0131yla kurmu\u015f oldu\u011fum bir not defteri. Buraya y\u00fckledi\u011fim her foto\u011fraf\u0131 kendim \u00e7ekiyorum. Ayn\u0131 zamanda estetik perspektifi benimle benzer olan insanlar\u0131n da bak\u0131nca kendinden birka\u00e7 bulabilece\u011fi bir alan olu\u015fturabildi\u011fimi umuyorum.<\/p>\n\n\n\n<p class=\"has-text-color has-medium-font-size\" style=\"color:#000000\">Hobilerin, do\u011fas\u0131 gere\u011fi, biraz da anlams\u0131z olmas\u0131 gerekti\u011fini d\u00fc\u015f\u00fcn\u00fcyorum. \u00c7\u00fcnk\u00fc fikirlerin artarak materyalize oldu\u011fu bu d\u00fcnya, &#8220;anlams\u0131z&#8221; \u015feylere pek de de\u011fer bi\u00e7miyor. Modern d\u00fcnya, \u00f6rne\u011fin, &#8220;arkada\u015flarla ge\u00e7en tembel bir ak\u015fam\u00fcst\u00fc&#8221;ne bir de\u011fer bi\u00e7mekte yetersiz kal\u0131yor.<\/p>\n\n\n\n<p>O y\u00fczden hobilerimi, bu blog da dahil olmak \u00fczere, monetize etmemeyi tercih ediyorum (ho\u015f, pek de taliplisi yoktur herhalde \ud83d\ude42 ). O y\u00fczden herhangi bir filtreye maruz kalmam\u0131\u015f karalamalar\u0131m\u0131 okumakta olan bir avu\u00e7 okuruma te\u015fekk\u00fcr ederek ho\u015f geldiniz demek istiyorum!<\/p>\n<\/div>\n\n\n\n<div class=\"wp-block-column is-layout-flow wp-block-column-is-layout-flow\" style=\"flex-basis:80%\">\n<div style=\"height:2vw\" aria-hidden=\"true\" class=\"wp-block-spacer\"><\/div>\n\n\n\n<figure class=\"wp-block-image size-full has-custom-border\"><img loading=\"lazy\" decoding=\"async\" width=\"2400\" height=\"1600\" src=\"https:\/\/mertdem.com\/wp-content\/uploads\/2025\/08\/DSCF3032.webp\" alt=\"\" class=\"has-border-color has-primary-border-color wp-image-173\" style=\"border-width:10px;border-radius:0px;object-fit:cover\" srcset=\"https:\/\/mertdem.com\/wp-content\/uploads\/2025\/08\/DSCF3032.webp 2400w, https:\/\/mertdem.com\/wp-content\/uploads\/2025\/08\/DSCF3032-300x200.webp 300w, https:\/\/mertdem.com\/wp-content\/uploads\/2025\/08\/DSCF3032-1024x683.webp 1024w, https:\/\/mertdem.com\/wp-content\/uploads\/2025\/08\/DSCF3032-768x512.webp 768w, https:\/\/mertdem.com\/wp-content\/uploads\/2025\/08\/DSCF3032-1536x1024.webp 1536w, https:\/\/mertdem.com\/wp-content\/uploads\/2025\/08\/DSCF3032-2048x1365.webp 2048w\" sizes=\"auto, (max-width: 2400px) 100vw, 2400px\" \/><figcaption class=\"wp-element-caption\"><em><mark style=\"background-color:rgba(0, 0, 0, 0)\" class=\"has-inline-color has-primary-color\"><sup>Phuket, Cape Promthep<\/sup><\/mark><\/em><\/figcaption><\/figure>\n<\/div>\n<\/div>\n<\/div>\n\n\n\n<div class=\"wp-block-columns alignwide is-layout-flex wp-container-core-columns-is-layout-c24efe4f wp-block-columns-is-layout-flex\">\n<div class=\"wp-block-column is-layout-flow wp-block-column-is-layout-flow\" style=\"flex-basis:65.1%\">\n<figure class=\"wp-block-image size-full is-resized has-custom-border\"><img loading=\"lazy\" decoding=\"async\" width=\"2400\" height=\"1600\" src=\"https:\/\/mertdem.com\/wp-content\/uploads\/2025\/08\/DSCF2868.webp\" alt=\"\" class=\"has-border-color has-primary-border-color wp-image-163\" style=\"border-width:10px;object-fit:cover;width:700px;height:500px\" srcset=\"https:\/\/mertdem.com\/wp-content\/uploads\/2025\/08\/DSCF2868.webp 2400w, https:\/\/mertdem.com\/wp-content\/uploads\/2025\/08\/DSCF2868-300x200.webp 300w, https:\/\/mertdem.com\/wp-content\/uploads\/2025\/08\/DSCF2868-1024x683.webp 1024w, https:\/\/mertdem.com\/wp-content\/uploads\/2025\/08\/DSCF2868-768x512.webp 768w, https:\/\/mertdem.com\/wp-content\/uploads\/2025\/08\/DSCF2868-1536x1024.webp 1536w, https:\/\/mertdem.com\/wp-content\/uploads\/2025\/08\/DSCF2868-2048x1365.webp 2048w\" sizes=\"auto, (max-width: 2400px) 100vw, 2400px\" \/><figcaption class=\"wp-element-caption\"><mark style=\"background-color:rgba(0, 0, 0, 0)\" class=\"has-inline-color has-primary-color\"><sup>Chiang Mai, Samoeng Loop<\/sup><\/mark><\/figcaption><\/figure>\n<\/div>\n\n\n\n<div class=\"wp-block-column is-vertically-aligned-center is-layout-flow wp-block-column-is-layout-flow\" style=\"flex-basis:34.9%\">\n<div class=\"wp-block-columns is-layout-flex wp-container-core-columns-is-layout-28f84493 wp-block-columns-is-layout-flex\">\n<div class=\"wp-block-column is-layout-flow wp-block-column-is-layout-flow\" style=\"flex-basis:100%\">\n<div style=\"height:23px\" aria-hidden=\"true\" class=\"wp-block-spacer\"><\/div>\n\n\n\n<h2 class=\"wp-block-heading\" style=\"font-size:clamp(37.821px, 2.364rem + ((1vw - 3.2px) * 2.011), 70px);\">Kendim hakk\u0131nda<\/h2>\n<\/div>\n<\/div>\n\n\n\n<p class=\"has-text-color has-medium-font-size\" style=\"color:#000000\">Ben Mert, 24 ya\u015f\u0131nday\u0131m. \u0130stanbul&#8217;da ikamet ediyorum. \u00c7al\u0131\u015ft\u0131\u011f\u0131m i\u015f g\u00fcn\u00fcm\u00fcn \u00e7o\u011funu me\u015fgul ediyor, ancak kendime ka\u00e7abilece\u011fim alanlar in\u015fa etmekten ho\u015flan\u0131yorum. Bu blog da onlardan biri. <\/p>\n\n\n\n<div class=\"wp-block-group is-vertical is-layout-flex wp-container-core-group-is-layout-fe9cc265 wp-block-group-is-layout-flex\">\n<p class=\"is-style-default has-text-color has-medium-font-size\" style=\"color:#000000\">Seyahat etmekten, g\u00fczel kahve e\u015fli\u011finde edilen spontane sohbetlerden, lo\u015f ayd\u0131nlat\u0131lm\u0131\u015f ortamlardan, uzun y\u00fcr\u00fcy\u00fc\u015flerden, ve foto\u011fraf \u00e7ekmekten ho\u015flan\u0131yorum. Bu blogda da bu konular\u0131n etraf\u0131nda yaz\u0131yorum. <\/p>\n\n\n\n<p class=\"has-medium-font-size\">E\u011fer bana ula\u015fmak isterseniz mert_demiir@outlook.com adresinden mail atabilir, ya da Instagram&#8217;da @mertdemiir \u00fczerinden ula\u015fabilirsiniz!<\/p>\n\n\n\n<p class=\"is-style-default\"><\/p>\n\n\n\n<p><\/p>\n<\/div>\n<\/div>\n<\/div>\n<\/div>\n<\/div>\n\n\n\n<p><\/p>\n","protected":false},"excerpt":{"rendered":"<p>Blog hakk\u0131nda Kalem ve Pencereler, kendine y\u00f6n belirlemeyen bir blog. En b\u00fcy\u00fck hobilerimden biri olan foto\u011fraf \u00e7ekmeyi kafamdan ge\u00e7enlerle birle\u015ftirmek amac\u0131yla kurmu\u015f oldu\u011fum bir not defteri. Buraya y\u00fckledi\u011fim her foto\u011fraf\u0131 kendim \u00e7ekiyorum. Ayn\u0131 zamanda estetik perspektifi benimle benzer olan insanlar\u0131n da bak\u0131nca kendinden birka\u00e7 bulabilece\u011fi bir alan olu\u015fturabildi\u011fimi umuyorum. Hobilerin, do\u011fas\u0131 gere\u011fi, biraz da anlams\u0131z [&hellip;]<\/p>\n","protected":false},"author":1,"featured_media":52,"parent":0,"menu_order":0,"comment_status":"closed","ping_status":"closed","template":"template-no-title","meta":{"footnotes":""},"class_list":["post-63","page","type-page","status-publish","has-post-thumbnail","hentry"],"_links":{"self":[{"href":"https:\/\/mertdem.com\/index.php?rest_route=\/wp\/v2\/pages\/63","targetHints":{"allow":["GET"]}}],"collection":[{"href":"https:\/\/mertdem.com\/index.php?rest_route=\/wp\/v2\/pages"}],"about":[{"href":"https:\/\/mertdem.com\/index.php?rest_route=\/wp\/v2\/types\/page"}],"author":[{"embeddable":true,"href":"https:\/\/mertdem.com\/index.php?rest_route=\/wp\/v2\/users\/1"}],"replies":[{"embeddable":true,"href":"https:\/\/mertdem.com\/index.php?rest_route=%2Fwp%2Fv2%2Fcomments&post=63"}],"version-history":[{"count":69,"href":"https:\/\/mertdem.com\/index.php?rest_route=\/wp\/v2\/pages\/63\/revisions"}],"predecessor-version":[{"id":211,"href":"https:\/\/mertdem.com\/index.php?rest_route=\/wp\/v2\/pages\/63\/revisions\/211"}],"wp:featuredmedia":[{"embeddable":true,"href":"https:\/\/mertdem.com\/index.php?rest_route=\/wp\/v2\/media\/52"}],"wp:attachment":[{"href":"https:\/\/mertdem.com\/index.php?rest_route=%2Fwp%2Fv2%2Fmedia&parent=63"}],"curies":[{"name":"wp","href":"https:\/\/api.w.org\/{rel}","templated":true}]}}